{"id":6750,"date":"2018-11-01T11:47:32","date_gmt":"2018-11-01T14:47:32","guid":{"rendered":"https:\/\/www.marcelaseggiaro.com\/ms\/?page_id=6750"},"modified":"2018-11-05T23:52:09","modified_gmt":"2018-11-06T02:52:09","slug":"servicios_visual","status":"publish","type":"page","link":"https:\/\/www.marcelaseggiaro.com\/ms\/servicios_visual\/","title":{"rendered":"Visual Merchandising"},"content":{"rendered":"[vc_row type=\u00bbin_container\u00bb full_screen_row_position=\u00bbmiddle\u00bb scene_position=\u00bbcenter\u00bb text_color=\u00bbdark\u00bb text_align=\u00bbleft\u00bb overlay_strength=\u00bb0.3&#8243;][vc_column column_padding=\u00bbno-extra-padding\u00bb column_padding_position=\u00bball\u00bb background_color_opacity=\u00bb1&#8243; background_hover_color_opacity=\u00bb1&#8243; width=\u00bb1\/1&#8243; tablet_text_alignment=\u00bbdefault\u00bb phone_text_alignment=\u00bbdefault\u00bb offset=\u00bbvc_hidden-xs\u00bb]<div style=\"height: 300px\"  data-transition=\"slide\" data-overall_style=\"classic\" data-flexible-height=\"true\" data-animate-in-effect=\"none\" data-fullscreen=\"false\" data-button-sizing=\"regular\" data-button-styling=\"btn_with_count\" data-autorotate=\"\" data-parallax=\"false\" data-full-width=\"true\" class=\"nectar-slider-wrap \" id=\"ns-id-69eb949f95157\">\n\t\t\t<div style=\"height: 300px\" class=\"swiper-container\"  data-tho=\"auto\" data-tco=\"auto\" data-pho=\"auto\" data-pco=\"auto\" data-loop=\"false\" data-height=\"300\" data-min-height=\"300\" data-arrows=\"false\" data-bullets=\"false\" data-bullet_style=\"see_through\" data-desktop-swipe=\"false\" data-settings=\"\">\n\t\t\t\t    <div class=\"swiper-wrapper\"><div class=\"swiper-slide\" data-bg-alignment=\"center\" data-color-scheme=\"light\" data-x-pos=\"left\" data-y-pos=\"middle\"> \n\t\t\t\t\t\t\t\t<div class=\"image-bg\" style=\"background-image: url(https:\/\/www.marcelaseggiaro.com\/ms\/wp-content\/uploads\/2018\/10\/MS_Servicios_header_marce05.jpg);\"> &nbsp; <\/div><div class=\"video-texture \"> <span class=\"ie-fix\"><\/span> <\/div><\/div><!--\/swiper-slide--><\/div><div class=\"nectar-slider-loading \"> <span class=\"loading-icon none\">   <\/span> <\/div> <\/div> \n\t\t\t\t\n\t\t\t<\/div><div class=\"divider-wrap\"><div style=\"height: 80px;\" class=\"divider\"><\/div><\/div>[\/vc_column][\/vc_row][vc_row type=\u00bbin_container\u00bb full_screen_row_position=\u00bbmiddle\u00bb scene_position=\u00bbcenter\u00bb text_color=\u00bbdark\u00bb text_align=\u00bbleft\u00bb overlay_strength=\u00bb0.3&#8243;][vc_column column_padding=\u00bbno-extra-padding\u00bb column_padding_position=\u00bball\u00bb background_color_opacity=\u00bb1&#8243; background_hover_color_opacity=\u00bb1&#8243; width=\u00bb1\/1&#8243; tablet_text_alignment=\u00bbdefault\u00bb phone_text_alignment=\u00bbdefault\u00bb offset=\u00bbvc_hidden-lg vc_hidden-md vc_hidden-sm\u00bb]<div style=\"height: 300px\"  data-transition=\"slide\" data-overall_style=\"classic\" data-flexible-height=\"true\" data-animate-in-effect=\"none\" data-fullscreen=\"false\" data-button-sizing=\"regular\" data-button-styling=\"btn_with_count\" data-autorotate=\"\" data-parallax=\"false\" data-full-width=\"true\" class=\"nectar-slider-wrap \" id=\"ns-id-69eb949f9618f\">\n\t\t\t<div style=\"height: 300px\" class=\"swiper-container\"  data-tho=\"auto\" data-tco=\"auto\" data-pho=\"auto\" data-pco=\"auto\" data-loop=\"false\" data-height=\"300\" data-min-height=\"300\" data-arrows=\"false\" data-bullets=\"false\" data-bullet_style=\"see_through\" data-desktop-swipe=\"false\" data-settings=\"\">\n\t\t\t\t    <div class=\"swiper-wrapper\"><div class=\"swiper-slide\" data-bg-alignment=\"center\" data-color-scheme=\"light\" data-x-pos=\"left\" data-y-pos=\"middle\"> \n\t\t\t\t\t\t\t\t<div class=\"image-bg\" style=\"background-image: url(https:\/\/www.marcelaseggiaro.com\/ms\/wp-content\/uploads\/2018\/10\/MS_wireframe_servicios_01a.jpg);\"> &nbsp; <\/div><div class=\"video-texture \"> <span class=\"ie-fix\"><\/span> <\/div><\/div><!--\/swiper-slide--><\/div><div class=\"nectar-slider-loading \"> <span class=\"loading-icon none\">   <\/span> <\/div> <\/div> \n\t\t\t\t\n\t\t\t<\/div>[\/vc_column][\/vc_row][vc_row type=\u00bbin_container\u00bb full_screen_row_position=\u00bbmiddle\u00bb scene_position=\u00bbcenter\u00bb text_color=\u00bbdark\u00bb text_align=\u00bbleft\u00bb overlay_strength=\u00bb0.3&#8243;][vc_column column_padding=\u00bbno-extra-padding\u00bb column_padding_position=\u00bball\u00bb background_color_opacity=\u00bb1&#8243; background_hover_color_opacity=\u00bb1&#8243; width=\u00bb1\/4&#8243; tablet_text_alignment=\u00bbdefault\u00bb phone_text_alignment=\u00bbdefault\u00bb][\/vc_column][vc_column column_padding=\u00bbno-extra-padding\u00bb column_padding_position=\u00bball\u00bb background_color_opacity=\u00bb1&#8243; background_hover_color_opacity=\u00bb1&#8243; width=\u00bb1\/2&#8243; tablet_text_alignment=\u00bbdefault\u00bb phone_text_alignment=\u00bbdefault\u00bb][vc_column_text]El <em><strong>Visual Merchandising<\/strong><\/em> es <strong>Marketing<\/strong> en el <strong>Punto de Venta<\/strong>, se\u00a0desprende del Retail design y se encarga de desarrollar <strong>estrategias\u00a0visuales que permitan incrementar las ventas de tu tienda o local\u00a0comercial.<\/strong><\/p>\n<p>Desde elementos como el <strong>color<\/strong>, las <strong>formas<\/strong> y el <strong>dise\u00f1o<\/strong>, hasta la\u00a0disposici\u00f3n de productos, mobiliarios, iluminaci\u00f3n, aromas, gr\u00e1ficas y\u00a0ritmo de circulaci\u00f3n, el <em><strong>Visual Merchandising<\/strong><\/em> transmite la identidad de la\u00a0marca y crea una atm\u00f3sfera agradable para que el cliente permanezca\u00a0por m\u00e1s tiempo en el lugar y como consecuencia, compre mucho m\u00e1s.<\/p>\n<p>El alcance de nuestros <strong>servicios de Visual Merchandising<\/strong> comprende la\u00a0organizaci\u00f3n del producto en el espacio, la implantaci\u00f3n y exposici\u00f3n, la\u00a0confecci\u00f3n de vitrinas\/escaparates, el armado de exhibiciones\u00a0atmosf\u00e9ricas y esc\u00e9nicas, la se\u00f1al\u00e9tica y estrategia de circulaci\u00f3n e\u00a0iluminaci\u00f3n.<\/p>\n<p><strong>1. Organizaci\u00f3n del producto en el espacio- implantaci\u00f3n.<\/strong><br \/>\n<strong>2. Gesti\u00f3n del surtido<\/strong><br \/>\n<strong>3. Revisi\u00f3n de estrategia de circulaci\u00f3n, layout y pasillos.<\/strong><br \/>\n<strong>4. Armado de exposiciones Atmosf\u00e9ricas y Esc\u00e9nicas.<\/strong><br \/>\n<strong>5. Confecci\u00f3n de Vitrinas\/Escaparates<\/strong><br \/>\n<strong>6. Gr\u00e1fica, se\u00f1al\u00e9tica y comunicaci\u00f3n en el PDV.<\/strong><br \/>\n<strong>7. Armado de sistema de iluminaci\u00f3n<\/strong>[\/vc_column_text][\/vc_column][vc_column column_padding=\u00bbno-extra-padding\u00bb column_padding_position=\u00bball\u00bb background_color_opacity=\u00bb1&#8243; background_hover_color_opacity=\u00bb1&#8243; width=\u00bb1\/4&#8243; tablet_text_alignment=\u00bbdefault\u00bb phone_text_alignment=\u00bbdefault\u00bb][\/vc_column][\/vc_row][vc_row type=\u00bbin_container\u00bb full_screen_row_position=\u00bbmiddle\u00bb scene_position=\u00bbcenter\u00bb text_color=\u00bbdark\u00bb text_align=\u00bbleft\u00bb overlay_strength=\u00bb0.3&#8243;][vc_column column_padding=\u00bbno-extra-padding\u00bb column_padding_position=\u00bball\u00bb background_color_opacity=\u00bb1&#8243; background_hover_color_opacity=\u00bb1&#8243; width=\u00bb1\/1&#8243; tablet_text_alignment=\u00bbdefault\u00bb phone_text_alignment=\u00bbdefault\u00bb]<div class=\"divider-wrap\"><div style=\"margin-top: 50px; height: 2px; margin-bottom: 50px;\" data-width=\"100%\" data-animate=\"\" data-animation-delay=\"\" data-color=\"default\" class=\"divider-border\"><\/div><\/div>[\/vc_column][\/vc_row][vc_row type=\u00bbin_container\u00bb full_screen_row_position=\u00bbmiddle\u00bb scene_position=\u00bbcenter\u00bb text_color=\u00bbdark\u00bb text_align=\u00bbleft\u00bb overlay_strength=\u00bb0.3&#8243;][vc_column column_padding=\u00bbno-extra-padding\u00bb column_padding_position=\u00bball\u00bb background_color_opacity=\u00bb1&#8243; background_hover_color_opacity=\u00bb1&#8243; width=\u00bb1\/4&#8243; tablet_text_alignment=\u00bbdefault\u00bb phone_text_alignment=\u00bbdefault\u00bb][\/vc_column][vc_column column_padding=\u00bbno-extra-padding\u00bb column_padding_position=\u00bball\u00bb background_color_opacity=\u00bb1&#8243; background_hover_color_opacity=\u00bb1&#8243; width=\u00bb1\/2&#8243; tablet_text_alignment=\u00bbdefault\u00bb phone_text_alignment=\u00bbdefault\u00bb][vc_column_text]\n<h2 class=\"gmail_default\">Si precisas alg\u00fan <strong>servicio<\/strong>, o hablarnos de tu <strong>proyecto<\/strong>, no lo dudes estamos para ayudarte.<\/h2>\n<h2 class=\"gmail_default\">S\u00f3lo escribe en el formulario de contacto.<\/h2>\n[\/vc_column_text]<div class=\"divider-wrap\"><div style=\"height: 80px;\" class=\"divider\"><\/div><\/div>\n<div class=\"wpcf7 no-js\" id=\"wpcf7-f6553-o1\" lang=\"es-ES\" dir=\"ltr\" data-wpcf7-id=\"6553\">\n<div class=\"screen-reader-response\"><p role=\"status\" aria-live=\"polite\" aria-atomic=\"true\"><\/p> <ul><\/ul><\/div>\n<form action=\"\/ms\/wp-json\/wp\/v2\/pages\/6750#wpcf7-f6553-o1\" method=\"post\" class=\"wpcf7-form init\" aria-label=\"Formulario de contacto\" novalidate=\"novalidate\" data-status=\"init\">\n<div style=\"display: none;\">\n<input type=\"hidden\" name=\"_wpcf7\" value=\"6553\" \/>\n<input type=\"hidden\" name=\"_wpcf7_version\" value=\"6.0.5\" \/>\n<input type=\"hidden\" name=\"_wpcf7_locale\" value=\"es_ES\" \/>\n<input type=\"hidden\" name=\"_wpcf7_unit_tag\" value=\"wpcf7-f6553-o1\" \/>\n<input type=\"hidden\" name=\"_wpcf7_container_post\" value=\"0\" \/>\n<input type=\"hidden\" name=\"_wpcf7_posted_data_hash\" value=\"\" \/>\n<input type=\"hidden\" name=\"_wpcf7_recaptcha_response\" value=\"\" \/>\n<\/div>\n<p><label> Nombre o Proyecto (obligatorio)<br \/>\n<span class=\"wpcf7-form-control-wrap\" data-name=\"your-name\"><input size=\"40\" maxlength=\"400\" class=\"wpcf7-form-control wpcf7-text wpcf7-validates-as-required\" aria-required=\"true\" aria-invalid=\"false\" value=\"\" type=\"text\" name=\"your-name\" \/><\/span> <\/label>\n<\/p>\n<p><label> E-mail (obligatorio)<br \/>\n<span class=\"wpcf7-form-control-wrap\" data-name=\"your-email\"><input size=\"40\" maxlength=\"400\" class=\"wpcf7-form-control wpcf7-email wpcf7-validates-as-required wpcf7-text wpcf7-validates-as-email\" aria-required=\"true\" aria-invalid=\"false\" value=\"\" type=\"email\" name=\"your-email\" \/><\/span> <\/label>\n<\/p>\n<p><label> Asunto<br \/>\n<span class=\"wpcf7-form-control-wrap\" data-name=\"your-subject\"><input size=\"40\" maxlength=\"400\" class=\"wpcf7-form-control wpcf7-text\" aria-invalid=\"false\" value=\"\" type=\"text\" name=\"your-subject\" \/><\/span> <\/label>\n<\/p>\n<p><label> Hablanos de tu proyecto o idea<br \/>\n<span class=\"wpcf7-form-control-wrap\" data-name=\"your-message\"><textarea cols=\"40\" rows=\"10\" maxlength=\"2000\" class=\"wpcf7-form-control wpcf7-textarea\" aria-invalid=\"false\" name=\"your-message\"><\/textarea><\/span> <\/label><br \/>\n<br \/>\n<input class=\"wpcf7-form-control wpcf7-submit has-spinner\" type=\"submit\" value=\"Enviar\" \/>\n<\/p><div class=\"wpcf7-response-output\" aria-hidden=\"true\"><\/div>\n<\/form>\n<\/div>\n[\/vc_column][vc_column column_padding=\u00bbno-extra-padding\u00bb column_padding_position=\u00bball\u00bb background_color_opacity=\u00bb1&#8243; background_hover_color_opacity=\u00bb1&#8243; width=\u00bb1\/4&#8243; tablet_text_alignment=\u00bbdefault\u00bb phone_text_alignment=\u00bbdefault\u00bb][\/vc_column][\/vc_row]\n","protected":false},"excerpt":{"rendered":"<p>[vc_row type=\u00bbin_container\u00bb full_screen_row_position=\u00bbmiddle\u00bb scene_position=\u00bbcenter\u00bb text_color=\u00bbdark\u00bb text_align=\u00bbleft\u00bb overlay_strength=\u00bb0.3&#8243;][vc_column column_padding=\u00bbno-extra-padding\u00bb column_padding_position=\u00bball\u00bb background_color_opacity=\u00bb1&#8243; background_hover_color_opacity=\u00bb1&#8243; width=\u00bb1\/1&#8243; tablet_text_alignment=\u00bbdefault\u00bb phone_text_alignment=\u00bbdefault\u00bb offset=\u00bbvc_hidden-xs\u00bb][\/vc_column][\/vc_row][vc_row type=\u00bbin_container\u00bb full_screen_row_position=\u00bbmiddle\u00bb scene_position=\u00bbcenter\u00bb text_color=\u00bbdark\u00bb text_align=\u00bbleft\u00bb overlay_strength=\u00bb0.3&#8243;][vc_column column_padding=\u00bbno-extra-padding\u00bb column_padding_position=\u00bball\u00bb background_color_opacity=\u00bb1&#8243; background_hover_color_opacity=\u00bb1&#8243; width=\u00bb1\/1&#8243; tablet_text_alignment=\u00bbdefault\u00bb phone_text_alignment=\u00bbdefault\u00bb offset=\u00bbvc_hidden-lg vc_hidden-md&#8230;<\/p>\n","protected":false},"author":2,"featured_media":0,"parent":0,"menu_order":0,"comment_status":"closed","ping_status":"closed","template":"","meta":{"footnotes":""},"class_list":["post-6750","page","type-page","status-publish","hentry"],"yoast_head":"<!-- This site is optimized with the Yoast SEO plugin v24.4 - https:\/\/yoast.com\/wordpress\/plugins\/seo\/ -->\n<title>Visual Merchandising | Marcela Seggiaro<\/title>\n<meta name=\"robots\" content=\"index, follow, max-snippet:-1, max-image-preview:large, max-video-preview:-1\" \/>\n<link rel=\"canonical\" href=\"https:\/\/www.marcelaseggiaro.com\/ms\/servicios_visual\/\" \/>\n<meta property=\"og:locale\" content=\"es_ES\" \/>\n<meta property=\"og:type\" content=\"article\" \/>\n<meta property=\"og:title\" content=\"Visual Merchandising | Marcela Seggiaro\" \/>\n<meta property=\"og:description\" content=\"[vc_row type=\u00bbin_container\u00bb full_screen_row_position=\u00bbmiddle\u00bb scene_position=\u00bbcenter\u00bb text_color=\u00bbdark\u00bb text_align=\u00bbleft\u00bb overlay_strength=\u00bb0.3&#8243;][vc_column column_padding=\u00bbno-extra-padding\u00bb column_padding_position=\u00bball\u00bb background_color_opacity=\u00bb1&#8243; background_hover_color_opacity=\u00bb1&#8243; width=\u00bb1\/1&#8243; tablet_text_alignment=\u00bbdefault\u00bb phone_text_alignment=\u00bbdefault\u00bb offset=\u00bbvc_hidden-xs\u00bb][\/vc_column][\/vc_row][vc_row type=\u00bbin_container\u00bb full_screen_row_position=\u00bbmiddle\u00bb scene_position=\u00bbcenter\u00bb text_color=\u00bbdark\u00bb text_align=\u00bbleft\u00bb overlay_strength=\u00bb0.3&#8243;][vc_column column_padding=\u00bbno-extra-padding\u00bb column_padding_position=\u00bball\u00bb background_color_opacity=\u00bb1&#8243; background_hover_color_opacity=\u00bb1&#8243; width=\u00bb1\/1&#8243; tablet_text_alignment=\u00bbdefault\u00bb phone_text_alignment=\u00bbdefault\u00bb offset=\u00bbvc_hidden-lg vc_hidden-md...\" \/>\n<meta property=\"og:url\" content=\"https:\/\/www.marcelaseggiaro.com\/ms\/servicios_visual\/\" \/>\n<meta property=\"og:site_name\" content=\"Marcela Seggiaro\" \/>\n<meta property=\"article:publisher\" content=\"https:\/\/www.facebook.com\/marcelaseggiaro\" \/>\n<meta property=\"article:modified_time\" content=\"2018-11-06T02:52:09+00:00\" \/>\n<meta name=\"twitter:card\" content=\"summary_large_image\" \/>\n<meta name=\"twitter:site\" content=\"@MarcelaSeggiaro\" \/>\n<meta name=\"twitter:label1\" content=\"Tiempo de lectura\" \/>\n\t<meta name=\"twitter:data1\" content=\"3 minutos\" \/>\n<script type=\"application\/ld+json\" class=\"yoast-schema-graph\">{\"@context\":\"https:\/\/schema.org\",\"@graph\":[{\"@type\":\"WebPage\",\"@id\":\"https:\/\/www.marcelaseggiaro.com\/ms\/servicios_visual\/\",\"url\":\"https:\/\/www.marcelaseggiaro.com\/ms\/servicios_visual\/\",\"name\":\"Visual Merchandising | Marcela Seggiaro\",\"isPartOf\":{\"@id\":\"https:\/\/www.marcelaseggiaro.com\/ms\/#website\"},\"datePublished\":\"2018-11-01T14:47:32+00:00\",\"dateModified\":\"2018-11-06T02:52:09+00:00\",\"breadcrumb\":{\"@id\":\"https:\/\/www.marcelaseggiaro.com\/ms\/servicios_visual\/#breadcrumb\"},\"inLanguage\":\"es\",\"potentialAction\":[{\"@type\":\"ReadAction\",\"target\":[\"https:\/\/www.marcelaseggiaro.com\/ms\/servicios_visual\/\"]}]},{\"@type\":\"BreadcrumbList\",\"@id\":\"https:\/\/www.marcelaseggiaro.com\/ms\/servicios_visual\/#breadcrumb\",\"itemListElement\":[{\"@type\":\"ListItem\",\"position\":1,\"name\":\"Portada\",\"item\":\"https:\/\/www.marcelaseggiaro.com\/ms\/\"},{\"@type\":\"ListItem\",\"position\":2,\"name\":\"Visual Merchandising\"}]},{\"@type\":\"WebSite\",\"@id\":\"https:\/\/www.marcelaseggiaro.com\/ms\/#website\",\"url\":\"https:\/\/www.marcelaseggiaro.com\/ms\/\",\"name\":\"Marcela Seggiaro\",\"description\":\"Estrategias Visuales\",\"potentialAction\":[{\"@type\":\"SearchAction\",\"target\":{\"@type\":\"EntryPoint\",\"urlTemplate\":\"https:\/\/www.marcelaseggiaro.com\/ms\/?s={search_term_string}\"},\"query-input\":{\"@type\":\"PropertyValueSpecification\",\"valueRequired\":true,\"valueName\":\"search_term_string\"}}],\"inLanguage\":\"es\"}]}<\/script>\n<!-- \/ Yoast SEO plugin. -->","yoast_head_json":{"title":"Visual Merchandising | Marcela Seggiaro","robots":{"index":"index","follow":"follow","max-snippet":"max-snippet:-1","max-image-preview":"max-image-preview:large","max-video-preview":"max-video-preview:-1"},"canonical":"https:\/\/www.marcelaseggiaro.com\/ms\/servicios_visual\/","og_locale":"es_ES","og_type":"article","og_title":"Visual Merchandising | Marcela Seggiaro","og_description":"[vc_row type=\u00bbin_container\u00bb full_screen_row_position=\u00bbmiddle\u00bb scene_position=\u00bbcenter\u00bb text_color=\u00bbdark\u00bb text_align=\u00bbleft\u00bb overlay_strength=\u00bb0.3&#8243;][vc_column column_padding=\u00bbno-extra-padding\u00bb column_padding_position=\u00bball\u00bb background_color_opacity=\u00bb1&#8243; background_hover_color_opacity=\u00bb1&#8243; width=\u00bb1\/1&#8243; tablet_text_alignment=\u00bbdefault\u00bb phone_text_alignment=\u00bbdefault\u00bb offset=\u00bbvc_hidden-xs\u00bb][\/vc_column][\/vc_row][vc_row type=\u00bbin_container\u00bb full_screen_row_position=\u00bbmiddle\u00bb scene_position=\u00bbcenter\u00bb text_color=\u00bbdark\u00bb text_align=\u00bbleft\u00bb overlay_strength=\u00bb0.3&#8243;][vc_column column_padding=\u00bbno-extra-padding\u00bb column_padding_position=\u00bball\u00bb background_color_opacity=\u00bb1&#8243; background_hover_color_opacity=\u00bb1&#8243; width=\u00bb1\/1&#8243; tablet_text_alignment=\u00bbdefault\u00bb phone_text_alignment=\u00bbdefault\u00bb offset=\u00bbvc_hidden-lg vc_hidden-md...","og_url":"https:\/\/www.marcelaseggiaro.com\/ms\/servicios_visual\/","og_site_name":"Marcela Seggiaro","article_publisher":"https:\/\/www.facebook.com\/marcelaseggiaro","article_modified_time":"2018-11-06T02:52:09+00:00","twitter_card":"summary_large_image","twitter_site":"@MarcelaSeggiaro","twitter_misc":{"Tiempo de lectura":"3 minutos"},"schema":{"@context":"https:\/\/schema.org","@graph":[{"@type":"WebPage","@id":"https:\/\/www.marcelaseggiaro.com\/ms\/servicios_visual\/","url":"https:\/\/www.marcelaseggiaro.com\/ms\/servicios_visual\/","name":"Visual Merchandising | Marcela Seggiaro","isPartOf":{"@id":"https:\/\/www.marcelaseggiaro.com\/ms\/#website"},"datePublished":"2018-11-01T14:47:32+00:00","dateModified":"2018-11-06T02:52:09+00:00","breadcrumb":{"@id":"https:\/\/www.marcelaseggiaro.com\/ms\/servicios_visual\/#breadcrumb"},"inLanguage":"es","potentialAction":[{"@type":"ReadAction","target":["https:\/\/www.marcelaseggiaro.com\/ms\/servicios_visual\/"]}]},{"@type":"BreadcrumbList","@id":"https:\/\/www.marcelaseggiaro.com\/ms\/servicios_visual\/#breadcrumb","itemListElement":[{"@type":"ListItem","position":1,"name":"Portada","item":"https:\/\/www.marcelaseggiaro.com\/ms\/"},{"@type":"ListItem","position":2,"name":"Visual Merchandising"}]},{"@type":"WebSite","@id":"https:\/\/www.marcelaseggiaro.com\/ms\/#website","url":"https:\/\/www.marcelaseggiaro.com\/ms\/","name":"Marcela Seggiaro","description":"Estrategias Visuales","potentialAction":[{"@type":"SearchAction","target":{"@type":"EntryPoint","urlTemplate":"https:\/\/www.marcelaseggiaro.com\/ms\/?s={search_term_string}"},"query-input":{"@type":"PropertyValueSpecification","valueRequired":true,"valueName":"search_term_string"}}],"inLanguage":"es"}]}},"wps_subtitle":"Exhibici\u00f3n de Productos","_links":{"self":[{"href":"https:\/\/www.marcelaseggiaro.com\/ms\/wp-json\/wp\/v2\/pages\/6750","targetHints":{"allow":["GET"]}}],"collection":[{"href":"https:\/\/www.marcelaseggiaro.com\/ms\/wp-json\/wp\/v2\/pages"}],"about":[{"href":"https:\/\/www.marcelaseggiaro.com\/ms\/wp-json\/wp\/v2\/types\/page"}],"author":[{"embeddable":true,"href":"https:\/\/www.marcelaseggiaro.com\/ms\/wp-json\/wp\/v2\/users\/2"}],"replies":[{"embeddable":true,"href":"https:\/\/www.marcelaseggiaro.com\/ms\/wp-json\/wp\/v2\/comments?post=6750"}],"version-history":[{"count":6,"href":"https:\/\/www.marcelaseggiaro.com\/ms\/wp-json\/wp\/v2\/pages\/6750\/revisions"}],"predecessor-version":[{"id":6781,"href":"https:\/\/www.marcelaseggiaro.com\/ms\/wp-json\/wp\/v2\/pages\/6750\/revisions\/6781"}],"wp:attachment":[{"href":"https:\/\/www.marcelaseggiaro.com\/ms\/wp-json\/wp\/v2\/media?parent=6750"}],"curies":[{"name":"wp","href":"https:\/\/api.w.org\/{rel}","templated":true}]}}