{"id":6023,"date":"2021-09-02T00:00:30","date_gmt":"2021-09-02T03:00:30","guid":{"rendered":"http:\/\/www.marcelaseggiaro.com\/ms\/producto\/curso-intensivo-visual-merchandising-diseno-espacios-comerciales-retail-design\/"},"modified":"2021-09-09T17:09:34","modified_gmt":"2021-09-09T20:09:34","slug":"curso-intensivo-visual-merchandising-diseno-espacios-comerciales-retail-design","status":"publish","type":"product","link":"https:\/\/www.marcelaseggiaro.com\/ms\/producto\/curso-intensivo-visual-merchandising-diseno-espacios-comerciales-retail-design\/","title":{"rendered":"MENTOR\u00cdA. Curso Dise\u00f1o Espacios Comerciales + Visual Merchandising. Personalizado!"},"content":{"rendered":"<p style=\"padding-left: 30px;\">El importe incluye:\u00a0<strong><em>Curso + Proyecto aplicado ad hoc<\/em><\/strong><\/p>\n<p>Avanza con bot\u00f3n superior de \u00abAgregar al carrito\u00bb, luego presiona \u00abFinalizar compra\u00bb, completa tus datos\u00a0 del formulario y luego presiona bot\u00f3n \u00abIr a Paypal\u00bb para abonar con tu tarjeta de cr\u00e9dito. En Paypal si no tienes cuenta creada deberas crear una rapidamente, es sencillo y gratuito. Recuerda que si creas una nueva cuenta, primero debes entrar a tu correo y confirmar\/validar el registro en Paypal, para luego avanzar con el pago.<\/p>\n<p>Si eliges WESTERN UNION:<\/p>\n<p>Con esta opci\u00f3n, te llegar\u00e1 un mail con el n\u00famero de pedido correspondiente al curso, deber\u00e1s acercarte personalmente a una tienda\/kiosco que trabaje pagos via Western Union cercana a tu domicilio, indicarles que es para enviar 290 USD a la persona (te pedir\u00e1n nombre, direcci\u00f3n y documento), ahi indicas: Marcela Seggiaro, DNI 25.833.263, con direcci\u00f3n en Carlos Calvo 632 4\u00b0 M, CABA. Provincia de Buenos Aires, Argentina.<\/p>\n<p>Luego enviarnos un mail a INFO@MARCELASEGGIARO.COM aclarando el n\u00famero de pedido de nuestro sitio, adjuntar fotograf\u00eda del comprobante de dep\u00f3sito por Western Union y tipear el n\u00famero de comprobante por las dudas que no se vea bien la foto, y te responderemos con el LINK a la primera clase en vivo!!!<\/p>\n<p>Este curso\u00a0combina t\u00e9cnicas de dise\u00f1o de espacios comerciales (Retail Design) + t\u00e9cnicas de exhibici\u00f3n de productos (Visual Merchandising), para dar como resultado <strong>el \u00e9xito del dise\u00f1o de un espacio comercial y la exhibici\u00f3n de sus productos, logrando el mayor incremento de ventas.<\/strong>\u00a0El curso finaliza con la <strong>confecci\u00f3n de un proyecto ad hoc<\/strong>, en el que podr\u00e1s aplicar todos los conocimientos del curso para el desarrollo de un concepto comercial, y en el cual, contar\u00e1s con una consultor\u00eda en l\u00ednea. Adem\u00e1s se env\u00eda <strong>certificado digital.<\/strong><\/p>\n<p><strong><a href=\"http:\/\/www.marcelaseggiaro.com\/ms\/curso-intensivo-visual-merchandising-diseno-espacios-comerciales-retail-design\/\">ACCEDE AL TEMARIO, FECHAS, ETC AQU\u00cd.<\/a><\/strong><\/p>\n<p>Una vez abonado pod\u00e9s informarnos a info@marcelaseggiaro.com o a marcelaseggiaro@gmail.com y se te compartir\u00e1 por mail un link a la plataforma virtual por cada clase. \u00a1Te esperamos!<\/p>\n<p>&nbsp;<\/p>\n","protected":false},"excerpt":{"rendered":"<p>Precio expresado en d\u00f3lares americanos.<\/p>\n","protected":false},"featured_media":9060,"comment_status":"open","ping_status":"closed","template":"","meta":[],"product_brand":[],"product_cat":[472],"product_tag":[847,529,500,482,497,502,845,501,499],"class_list":{"0":"post-6023","1":"product","2":"type-product","3":"status-publish","4":"has-post-thumbnail","6":"product_cat-cursos","7":"product_tag-curso-diseno-espacios-comerciales","8":"product_tag-curso-escaparatismo","9":"product_tag-curso-retail-design","10":"product_tag-curso-visual-merchandising","11":"product_tag-curso-vitrinismo","12":"product_tag-diseno-espacios-comerciales","13":"product_tag-mentoria","14":"product_tag-retail-design","15":"product_tag-visual-merchandising","17":"first","18":"instock","19":"virtual","20":"purchasable","21":"product-type-simple"},"yoast_head":"<!-- This site is optimized with the Yoast SEO plugin v24.4 - https:\/\/yoast.com\/wordpress\/plugins\/seo\/ -->\n<title>Curso Dise\u00f1o Espacios Comerciales + Visual Merchandising<\/title>\n<meta name=\"description\" content=\"Aprende a dise\u00f1ar espacios comerciales para incrementar las ventas de tu negocio. \u00a1Mejora tu tienda o amplia tu perfil laboral!\" \/>\n<meta name=\"robots\" content=\"index, follow, max-snippet:-1, max-image-preview:large, max-video-preview:-1\" \/>\n<link rel=\"canonical\" href=\"https:\/\/www.marcelaseggiaro.com\/ms\/producto\/curso-intensivo-visual-merchandising-diseno-espacios-comerciales-retail-design\/\" \/>\n<meta property=\"og:locale\" content=\"es_ES\" \/>\n<meta property=\"og:type\" content=\"article\" \/>\n<meta property=\"og:title\" content=\"Curso Dise\u00f1o Espacios Comerciales + Visual Merchandising\" \/>\n<meta property=\"og:description\" content=\"Aprende a dise\u00f1ar espacios comerciales para incrementar las ventas de tu negocio. \u00a1Mejora tu tienda o amplia tu perfil laboral!\" \/>\n<meta property=\"og:url\" content=\"https:\/\/www.marcelaseggiaro.com\/ms\/producto\/curso-intensivo-visual-merchandising-diseno-espacios-comerciales-retail-design\/\" \/>\n<meta property=\"og:site_name\" content=\"Marcela Seggiaro\" \/>\n<meta property=\"article:publisher\" content=\"https:\/\/www.facebook.com\/marcelaseggiaro\" \/>\n<meta property=\"article:modified_time\" content=\"2021-09-09T20:09:34+00:00\" \/>\n<meta property=\"og:image\" content=\"https:\/\/www.marcelaseggiaro.com\/ms\/wp-content\/uploads\/2018\/09\/Plantillas-Marce_01.jpg\" \/>\n\t<meta property=\"og:image:width\" content=\"2000\" \/>\n\t<meta property=\"og:image:height\" content=\"2000\" \/>\n\t<meta property=\"og:image:type\" content=\"image\/jpeg\" \/>\n<meta name=\"twitter:card\" content=\"summary_large_image\" \/>\n<meta name=\"twitter:site\" content=\"@MarcelaSeggiaro\" \/>\n<meta name=\"twitter:label1\" content=\"Tiempo de lectura\" \/>\n\t<meta name=\"twitter:data1\" content=\"2 minutos\" \/>\n<script type=\"application\/ld+json\" class=\"yoast-schema-graph\">{\"@context\":\"https:\/\/schema.org\",\"@graph\":[{\"@type\":\"WebPage\",\"@id\":\"https:\/\/www.marcelaseggiaro.com\/ms\/producto\/curso-intensivo-visual-merchandising-diseno-espacios-comerciales-retail-design\/\",\"url\":\"https:\/\/www.marcelaseggiaro.com\/ms\/producto\/curso-intensivo-visual-merchandising-diseno-espacios-comerciales-retail-design\/\",\"name\":\"Curso Dise\u00f1o Espacios Comerciales + Visual Merchandising\",\"isPartOf\":{\"@id\":\"https:\/\/www.marcelaseggiaro.com\/ms\/#website\"},\"primaryImageOfPage\":{\"@id\":\"https:\/\/www.marcelaseggiaro.com\/ms\/producto\/curso-intensivo-visual-merchandising-diseno-espacios-comerciales-retail-design\/#primaryimage\"},\"image\":{\"@id\":\"https:\/\/www.marcelaseggiaro.com\/ms\/producto\/curso-intensivo-visual-merchandising-diseno-espacios-comerciales-retail-design\/#primaryimage\"},\"thumbnailUrl\":\"https:\/\/www.marcelaseggiaro.com\/ms\/wp-content\/uploads\/2018\/09\/Plantillas-Marce_01.jpg\",\"datePublished\":\"2021-09-02T03:00:30+00:00\",\"dateModified\":\"2021-09-09T20:09:34+00:00\",\"description\":\"Aprende a dise\u00f1ar espacios comerciales para incrementar las ventas de tu negocio. \u00a1Mejora tu tienda o amplia tu perfil laboral!\",\"breadcrumb\":{\"@id\":\"https:\/\/www.marcelaseggiaro.com\/ms\/producto\/curso-intensivo-visual-merchandising-diseno-espacios-comerciales-retail-design\/#breadcrumb\"},\"inLanguage\":\"es\",\"potentialAction\":[{\"@type\":\"ReadAction\",\"target\":[\"https:\/\/www.marcelaseggiaro.com\/ms\/producto\/curso-intensivo-visual-merchandising-diseno-espacios-comerciales-retail-design\/\"]}]},{\"@type\":\"ImageObject\",\"inLanguage\":\"es\",\"@id\":\"https:\/\/www.marcelaseggiaro.com\/ms\/producto\/curso-intensivo-visual-merchandising-diseno-espacios-comerciales-retail-design\/#primaryimage\",\"url\":\"https:\/\/www.marcelaseggiaro.com\/ms\/wp-content\/uploads\/2018\/09\/Plantillas-Marce_01.jpg\",\"contentUrl\":\"https:\/\/www.marcelaseggiaro.com\/ms\/wp-content\/uploads\/2018\/09\/Plantillas-Marce_01.jpg\",\"width\":2000,\"height\":2000,\"caption\":\"Curso Dise\u00f1o de Espacios Comerciales + Visual Merchandising. Mentor\u00eda. Marcela Seggiaro\"},{\"@type\":\"BreadcrumbList\",\"@id\":\"https:\/\/www.marcelaseggiaro.com\/ms\/producto\/curso-intensivo-visual-merchandising-diseno-espacios-comerciales-retail-design\/#breadcrumb\",\"itemListElement\":[{\"@type\":\"ListItem\",\"position\":1,\"name\":\"Portada\",\"item\":\"https:\/\/www.marcelaseggiaro.com\/ms\/\"},{\"@type\":\"ListItem\",\"position\":2,\"name\":\"Productos\",\"item\":\"https:\/\/www.marcelaseggiaro.com\/ms\/shop\/\"},{\"@type\":\"ListItem\",\"position\":3,\"name\":\"MENTOR\u00cdA. Curso Dise\u00f1o Espacios Comerciales + Visual Merchandising. Personalizado!\"}]},{\"@type\":\"WebSite\",\"@id\":\"https:\/\/www.marcelaseggiaro.com\/ms\/#website\",\"url\":\"https:\/\/www.marcelaseggiaro.com\/ms\/\",\"name\":\"Marcela Seggiaro\",\"description\":\"Estrategias Visuales\",\"potentialAction\":[{\"@type\":\"SearchAction\",\"target\":{\"@type\":\"EntryPoint\",\"urlTemplate\":\"https:\/\/www.marcelaseggiaro.com\/ms\/?s={search_term_string}\"},\"query-input\":{\"@type\":\"PropertyValueSpecification\",\"valueRequired\":true,\"valueName\":\"search_term_string\"}}],\"inLanguage\":\"es\"}]}<\/script>\n<!-- \/ Yoast SEO plugin. -->","yoast_head_json":{"title":"Curso Dise\u00f1o Espacios Comerciales + Visual Merchandising","description":"Aprende a dise\u00f1ar espacios comerciales para incrementar las ventas de tu negocio. \u00a1Mejora tu tienda o amplia tu perfil laboral!","robots":{"index":"index","follow":"follow","max-snippet":"max-snippet:-1","max-image-preview":"max-image-preview:large","max-video-preview":"max-video-preview:-1"},"canonical":"https:\/\/www.marcelaseggiaro.com\/ms\/producto\/curso-intensivo-visual-merchandising-diseno-espacios-comerciales-retail-design\/","og_locale":"es_ES","og_type":"article","og_title":"Curso Dise\u00f1o Espacios Comerciales + Visual Merchandising","og_description":"Aprende a dise\u00f1ar espacios comerciales para incrementar las ventas de tu negocio. \u00a1Mejora tu tienda o amplia tu perfil laboral!","og_url":"https:\/\/www.marcelaseggiaro.com\/ms\/producto\/curso-intensivo-visual-merchandising-diseno-espacios-comerciales-retail-design\/","og_site_name":"Marcela Seggiaro","article_publisher":"https:\/\/www.facebook.com\/marcelaseggiaro","article_modified_time":"2021-09-09T20:09:34+00:00","og_image":[{"width":2000,"height":2000,"url":"https:\/\/www.marcelaseggiaro.com\/ms\/wp-content\/uploads\/2018\/09\/Plantillas-Marce_01.jpg","type":"image\/jpeg"}],"twitter_card":"summary_large_image","twitter_site":"@MarcelaSeggiaro","twitter_misc":{"Tiempo de lectura":"2 minutos"},"schema":{"@context":"https:\/\/schema.org","@graph":[{"@type":"WebPage","@id":"https:\/\/www.marcelaseggiaro.com\/ms\/producto\/curso-intensivo-visual-merchandising-diseno-espacios-comerciales-retail-design\/","url":"https:\/\/www.marcelaseggiaro.com\/ms\/producto\/curso-intensivo-visual-merchandising-diseno-espacios-comerciales-retail-design\/","name":"Curso Dise\u00f1o Espacios Comerciales + Visual Merchandising","isPartOf":{"@id":"https:\/\/www.marcelaseggiaro.com\/ms\/#website"},"primaryImageOfPage":{"@id":"https:\/\/www.marcelaseggiaro.com\/ms\/producto\/curso-intensivo-visual-merchandising-diseno-espacios-comerciales-retail-design\/#primaryimage"},"image":{"@id":"https:\/\/www.marcelaseggiaro.com\/ms\/producto\/curso-intensivo-visual-merchandising-diseno-espacios-comerciales-retail-design\/#primaryimage"},"thumbnailUrl":"https:\/\/www.marcelaseggiaro.com\/ms\/wp-content\/uploads\/2018\/09\/Plantillas-Marce_01.jpg","datePublished":"2021-09-02T03:00:30+00:00","dateModified":"2021-09-09T20:09:34+00:00","description":"Aprende a dise\u00f1ar espacios comerciales para incrementar las ventas de tu negocio. \u00a1Mejora tu tienda o amplia tu perfil laboral!","breadcrumb":{"@id":"https:\/\/www.marcelaseggiaro.com\/ms\/producto\/curso-intensivo-visual-merchandising-diseno-espacios-comerciales-retail-design\/#breadcrumb"},"inLanguage":"es","potentialAction":[{"@type":"ReadAction","target":["https:\/\/www.marcelaseggiaro.com\/ms\/producto\/curso-intensivo-visual-merchandising-diseno-espacios-comerciales-retail-design\/"]}]},{"@type":"ImageObject","inLanguage":"es","@id":"https:\/\/www.marcelaseggiaro.com\/ms\/producto\/curso-intensivo-visual-merchandising-diseno-espacios-comerciales-retail-design\/#primaryimage","url":"https:\/\/www.marcelaseggiaro.com\/ms\/wp-content\/uploads\/2018\/09\/Plantillas-Marce_01.jpg","contentUrl":"https:\/\/www.marcelaseggiaro.com\/ms\/wp-content\/uploads\/2018\/09\/Plantillas-Marce_01.jpg","width":2000,"height":2000,"caption":"Curso Dise\u00f1o de Espacios Comerciales + Visual Merchandising. Mentor\u00eda. Marcela Seggiaro"},{"@type":"BreadcrumbList","@id":"https:\/\/www.marcelaseggiaro.com\/ms\/producto\/curso-intensivo-visual-merchandising-diseno-espacios-comerciales-retail-design\/#breadcrumb","itemListElement":[{"@type":"ListItem","position":1,"name":"Portada","item":"https:\/\/www.marcelaseggiaro.com\/ms\/"},{"@type":"ListItem","position":2,"name":"Productos","item":"https:\/\/www.marcelaseggiaro.com\/ms\/shop\/"},{"@type":"ListItem","position":3,"name":"MENTOR\u00cdA. Curso Dise\u00f1o Espacios Comerciales + Visual Merchandising. Personalizado!"}]},{"@type":"WebSite","@id":"https:\/\/www.marcelaseggiaro.com\/ms\/#website","url":"https:\/\/www.marcelaseggiaro.com\/ms\/","name":"Marcela Seggiaro","description":"Estrategias Visuales","potentialAction":[{"@type":"SearchAction","target":{"@type":"EntryPoint","urlTemplate":"https:\/\/www.marcelaseggiaro.com\/ms\/?s={search_term_string}"},"query-input":{"@type":"PropertyValueSpecification","valueRequired":true,"valueName":"search_term_string"}}],"inLanguage":"es"}]}},"_links":{"self":[{"href":"https:\/\/www.marcelaseggiaro.com\/ms\/wp-json\/wp\/v2\/product\/6023","targetHints":{"allow":["GET"]}}],"collection":[{"href":"https:\/\/www.marcelaseggiaro.com\/ms\/wp-json\/wp\/v2\/product"}],"about":[{"href":"https:\/\/www.marcelaseggiaro.com\/ms\/wp-json\/wp\/v2\/types\/product"}],"replies":[{"embeddable":true,"href":"https:\/\/www.marcelaseggiaro.com\/ms\/wp-json\/wp\/v2\/comments?post=6023"}],"wp:featuredmedia":[{"embeddable":true,"href":"https:\/\/www.marcelaseggiaro.com\/ms\/wp-json\/wp\/v2\/media\/9060"}],"wp:attachment":[{"href":"https:\/\/www.marcelaseggiaro.com\/ms\/wp-json\/wp\/v2\/media?parent=6023"}],"wp:term":[{"taxonomy":"product_brand","embeddable":true,"href":"https:\/\/www.marcelaseggiaro.com\/ms\/wp-json\/wp\/v2\/product_brand?post=6023"},{"taxonomy":"product_cat","embeddable":true,"href":"https:\/\/www.marcelaseggiaro.com\/ms\/wp-json\/wp\/v2\/product_cat?post=6023"},{"taxonomy":"product_tag","embeddable":true,"href":"https:\/\/www.marcelaseggiaro.com\/ms\/wp-json\/wp\/v2\/product_tag?post=6023"}],"curies":[{"name":"wp","href":"https:\/\/api.w.org\/{rel}","templated":true}]}}