{"id":6398,"date":"2018-09-26T10:13:28","date_gmt":"2018-09-26T13:13:28","guid":{"rendered":"http:\/\/www.marcelaseggiaro.com\/ms\/producto\/tendencias-visual-merchandising-london\/"},"modified":"2019-07-30T13:48:27","modified_gmt":"2019-07-30T16:48:27","slug":"tendencias-visual-merchandising-london","status":"publish","type":"product","link":"https:\/\/www.marcelaseggiaro.com\/ms\/producto\/tendencias-visual-merchandising-london\/","title":{"rendered":"Documento Tendencias Visual Merchandising London Street Views"},"content":{"rendered":"<p>\u00a1Un documento con<strong> m\u00e1s de 400 im\u00e1genes sobre las nuevas tendencias en escaparates y vidrieras de las principales marcas\u00a0<\/strong>que te inspirar\u00e1 much\u00edsimo para armar tu estrategia de Visual Merchandising! Viajamos a Londres en agosto 2018 y recorrimos todas sus principales calles, grandes marcas, y sus escaparates asombrosos. Generamos un documento con m\u00e1s de 400 im\u00e1genes inspiradoras de las tendencias 2019.<\/p>\n<p>Para ver un resumen de lo que se trata el documento, <a href=\"http:\/\/www.marcelaseggiaro.com\/ms\/tendencias-visual-merchandising-londres\">accede a esta nota.<\/a><\/p>\n<p>Para realizar un curso online de Visual Merchandising y Retail Design te invito a leer sobre el mismo <a href=\"http:\/\/www.marcelaseggiaro.com\/ms\/curso-intensivo-visual-merchandising-diseno-espacios-comerciales-retail-design\/\">aqu\u00ed.<\/a><\/p>\n<p>Para abonar el documento (14 d\u00f3lares), presiona el bot\u00f3n superior naranja <strong>\u00abAgregar al carrito\u00bb<\/strong>, luego presiona <strong>\u00abFinalizar compra\u00bb<\/strong>, completa tus datos del formulario y luego presiona <strong>\u00abIr a Paypal\u00bb<\/strong> para abonar. All\u00ed te pedira colocar tu email,\u00a0 los datos de tu tarjeta de cr\u00e9dito y listo!<\/p>\n<p>Recuerda que si creas una nueva cuenta en \u00abPaypal\u00bb a veces primero te piden entrar a tu correo y confirmar\/validar el registro en Paypal, para luego avanzar con el pago. Utilizamos la plataforma \u00abPaypal\u00bb para los cobros ya que es 100% confiable y segura, cobra en dolares para que puedan abonar desde cualquier pais, este importe lo veras en tu resumen de la tarjeta de cr\u00e9dito.<\/p>\n<p>Luego envia mail a<strong> info@marcelaseggiaro.com<\/strong> para que chequeemos el pago y te enviemos el documento!<\/p>\n<p>&nbsp;<\/p>\n<p>&nbsp;<\/p>\n","protected":false},"excerpt":{"rendered":"<p>Precio expresado en d\u00f3lares americanos.<\/p>\n","protected":false},"featured_media":6401,"comment_status":"open","ping_status":"closed","template":"","meta":[],"product_brand":[],"product_cat":[77],"product_tag":[605,604],"class_list":{"0":"post-6398","1":"product","2":"type-product","3":"status-publish","4":"has-post-thumbnail","6":"product_cat-basic","7":"product_tag-imagenes-escaparates-londres","8":"product_tag-tendencias-visual-merchandising","10":"first","11":"instock","12":"virtual","13":"purchasable","14":"product-type-simple"},"yoast_head":"<!-- This site is optimized with the Yoast SEO plugin v24.4 - https:\/\/yoast.com\/wordpress\/plugins\/seo\/ -->\n<title>Tendencias Visual Merchandising 2019<\/title>\n<meta name=\"description\" content=\"M\u00e1s de 400 im\u00e1genes sobre las nuevas tendencias en escaparates y vidrieras londinenses\" \/>\n<meta name=\"robots\" content=\"index, follow, max-snippet:-1, max-image-preview:large, max-video-preview:-1\" \/>\n<link rel=\"canonical\" href=\"https:\/\/www.marcelaseggiaro.com\/ms\/producto\/tendencias-visual-merchandising-london\/\" \/>\n<meta property=\"og:locale\" content=\"es_ES\" \/>\n<meta property=\"og:type\" content=\"article\" \/>\n<meta property=\"og:title\" content=\"Tendencias Visual Merchandising London\" \/>\n<meta property=\"og:description\" content=\"\u00a1Un documento con m\u00e1s de 400 im\u00e1genes sobre las nuevas tendencias en escaparates y vidrieras londinenses que te inspirar\u00e1 much\u00edsimo para armar tu estrategia de Visual Merchandising!\" \/>\n<meta property=\"og:url\" content=\"https:\/\/www.marcelaseggiaro.com\/ms\/producto\/tendencias-visual-merchandising-london\/\" \/>\n<meta property=\"og:site_name\" content=\"Marcela Seggiaro\" \/>\n<meta property=\"article:publisher\" content=\"https:\/\/www.facebook.com\/marcelaseggiaro\" \/>\n<meta property=\"article:modified_time\" content=\"2019-07-30T16:48:27+00:00\" \/>\n<meta property=\"og:image\" content=\"https:\/\/www.marcelaseggiaro.com\/ms\/wp-content\/uploads\/2018\/09\/Street-Visual-London-Cuadrada.jpg\" \/>\n\t<meta property=\"og:image:width\" content=\"600\" \/>\n\t<meta property=\"og:image:height\" content=\"600\" \/>\n\t<meta property=\"og:image:type\" content=\"image\/jpeg\" \/>\n<meta name=\"twitter:card\" content=\"summary_large_image\" \/>\n<meta name=\"twitter:site\" content=\"@MarcelaSeggiaro\" \/>\n<meta name=\"twitter:label1\" content=\"Tiempo de lectura\" \/>\n\t<meta name=\"twitter:data1\" content=\"1 minuto\" \/>\n<script type=\"application\/ld+json\" class=\"yoast-schema-graph\">{\"@context\":\"https:\/\/schema.org\",\"@graph\":[{\"@type\":\"WebPage\",\"@id\":\"https:\/\/www.marcelaseggiaro.com\/ms\/producto\/tendencias-visual-merchandising-london\/\",\"url\":\"https:\/\/www.marcelaseggiaro.com\/ms\/producto\/tendencias-visual-merchandising-london\/\",\"name\":\"Tendencias Visual Merchandising 2019\",\"isPartOf\":{\"@id\":\"https:\/\/www.marcelaseggiaro.com\/ms\/#website\"},\"primaryImageOfPage\":{\"@id\":\"https:\/\/www.marcelaseggiaro.com\/ms\/producto\/tendencias-visual-merchandising-london\/#primaryimage\"},\"image\":{\"@id\":\"https:\/\/www.marcelaseggiaro.com\/ms\/producto\/tendencias-visual-merchandising-london\/#primaryimage\"},\"thumbnailUrl\":\"https:\/\/www.marcelaseggiaro.com\/ms\/wp-content\/uploads\/2018\/09\/Street-Visual-London-Cuadrada.jpg\",\"datePublished\":\"2018-09-26T13:13:28+00:00\",\"dateModified\":\"2019-07-30T16:48:27+00:00\",\"description\":\"M\u00e1s de 400 im\u00e1genes sobre las nuevas tendencias en escaparates y vidrieras londinenses\",\"breadcrumb\":{\"@id\":\"https:\/\/www.marcelaseggiaro.com\/ms\/producto\/tendencias-visual-merchandising-london\/#breadcrumb\"},\"inLanguage\":\"es\",\"potentialAction\":[{\"@type\":\"ReadAction\",\"target\":[\"https:\/\/www.marcelaseggiaro.com\/ms\/producto\/tendencias-visual-merchandising-london\/\"]}]},{\"@type\":\"ImageObject\",\"inLanguage\":\"es\",\"@id\":\"https:\/\/www.marcelaseggiaro.com\/ms\/producto\/tendencias-visual-merchandising-london\/#primaryimage\",\"url\":\"https:\/\/www.marcelaseggiaro.com\/ms\/wp-content\/uploads\/2018\/09\/Street-Visual-London-Cuadrada.jpg\",\"contentUrl\":\"https:\/\/www.marcelaseggiaro.com\/ms\/wp-content\/uploads\/2018\/09\/Street-Visual-London-Cuadrada.jpg\",\"width\":600,\"height\":600},{\"@type\":\"BreadcrumbList\",\"@id\":\"https:\/\/www.marcelaseggiaro.com\/ms\/producto\/tendencias-visual-merchandising-london\/#breadcrumb\",\"itemListElement\":[{\"@type\":\"ListItem\",\"position\":1,\"name\":\"Portada\",\"item\":\"https:\/\/www.marcelaseggiaro.com\/ms\/\"},{\"@type\":\"ListItem\",\"position\":2,\"name\":\"Productos\",\"item\":\"https:\/\/www.marcelaseggiaro.com\/ms\/shop\/\"},{\"@type\":\"ListItem\",\"position\":3,\"name\":\"Documento Tendencias Visual Merchandising London Street Views\"}]},{\"@type\":\"WebSite\",\"@id\":\"https:\/\/www.marcelaseggiaro.com\/ms\/#website\",\"url\":\"https:\/\/www.marcelaseggiaro.com\/ms\/\",\"name\":\"Marcela Seggiaro\",\"description\":\"Estrategias Visuales\",\"potentialAction\":[{\"@type\":\"SearchAction\",\"target\":{\"@type\":\"EntryPoint\",\"urlTemplate\":\"https:\/\/www.marcelaseggiaro.com\/ms\/?s={search_term_string}\"},\"query-input\":{\"@type\":\"PropertyValueSpecification\",\"valueRequired\":true,\"valueName\":\"search_term_string\"}}],\"inLanguage\":\"es\"}]}<\/script>\n<!-- \/ Yoast SEO plugin. -->","yoast_head_json":{"title":"Tendencias Visual Merchandising 2019","description":"M\u00e1s de 400 im\u00e1genes sobre las nuevas tendencias en escaparates y vidrieras londinenses","robots":{"index":"index","follow":"follow","max-snippet":"max-snippet:-1","max-image-preview":"max-image-preview:large","max-video-preview":"max-video-preview:-1"},"canonical":"https:\/\/www.marcelaseggiaro.com\/ms\/producto\/tendencias-visual-merchandising-london\/","og_locale":"es_ES","og_type":"article","og_title":"Tendencias Visual Merchandising London","og_description":"\u00a1Un documento con m\u00e1s de 400 im\u00e1genes sobre las nuevas tendencias en escaparates y vidrieras londinenses que te inspirar\u00e1 much\u00edsimo para armar tu estrategia de Visual Merchandising!","og_url":"https:\/\/www.marcelaseggiaro.com\/ms\/producto\/tendencias-visual-merchandising-london\/","og_site_name":"Marcela Seggiaro","article_publisher":"https:\/\/www.facebook.com\/marcelaseggiaro","article_modified_time":"2019-07-30T16:48:27+00:00","og_image":[{"width":600,"height":600,"url":"https:\/\/www.marcelaseggiaro.com\/ms\/wp-content\/uploads\/2018\/09\/Street-Visual-London-Cuadrada.jpg","type":"image\/jpeg"}],"twitter_card":"summary_large_image","twitter_site":"@MarcelaSeggiaro","twitter_misc":{"Tiempo de lectura":"1 minuto"},"schema":{"@context":"https:\/\/schema.org","@graph":[{"@type":"WebPage","@id":"https:\/\/www.marcelaseggiaro.com\/ms\/producto\/tendencias-visual-merchandising-london\/","url":"https:\/\/www.marcelaseggiaro.com\/ms\/producto\/tendencias-visual-merchandising-london\/","name":"Tendencias Visual Merchandising 2019","isPartOf":{"@id":"https:\/\/www.marcelaseggiaro.com\/ms\/#website"},"primaryImageOfPage":{"@id":"https:\/\/www.marcelaseggiaro.com\/ms\/producto\/tendencias-visual-merchandising-london\/#primaryimage"},"image":{"@id":"https:\/\/www.marcelaseggiaro.com\/ms\/producto\/tendencias-visual-merchandising-london\/#primaryimage"},"thumbnailUrl":"https:\/\/www.marcelaseggiaro.com\/ms\/wp-content\/uploads\/2018\/09\/Street-Visual-London-Cuadrada.jpg","datePublished":"2018-09-26T13:13:28+00:00","dateModified":"2019-07-30T16:48:27+00:00","description":"M\u00e1s de 400 im\u00e1genes sobre las nuevas tendencias en escaparates y vidrieras londinenses","breadcrumb":{"@id":"https:\/\/www.marcelaseggiaro.com\/ms\/producto\/tendencias-visual-merchandising-london\/#breadcrumb"},"inLanguage":"es","potentialAction":[{"@type":"ReadAction","target":["https:\/\/www.marcelaseggiaro.com\/ms\/producto\/tendencias-visual-merchandising-london\/"]}]},{"@type":"ImageObject","inLanguage":"es","@id":"https:\/\/www.marcelaseggiaro.com\/ms\/producto\/tendencias-visual-merchandising-london\/#primaryimage","url":"https:\/\/www.marcelaseggiaro.com\/ms\/wp-content\/uploads\/2018\/09\/Street-Visual-London-Cuadrada.jpg","contentUrl":"https:\/\/www.marcelaseggiaro.com\/ms\/wp-content\/uploads\/2018\/09\/Street-Visual-London-Cuadrada.jpg","width":600,"height":600},{"@type":"BreadcrumbList","@id":"https:\/\/www.marcelaseggiaro.com\/ms\/producto\/tendencias-visual-merchandising-london\/#breadcrumb","itemListElement":[{"@type":"ListItem","position":1,"name":"Portada","item":"https:\/\/www.marcelaseggiaro.com\/ms\/"},{"@type":"ListItem","position":2,"name":"Productos","item":"https:\/\/www.marcelaseggiaro.com\/ms\/shop\/"},{"@type":"ListItem","position":3,"name":"Documento Tendencias Visual Merchandising London Street Views"}]},{"@type":"WebSite","@id":"https:\/\/www.marcelaseggiaro.com\/ms\/#website","url":"https:\/\/www.marcelaseggiaro.com\/ms\/","name":"Marcela Seggiaro","description":"Estrategias Visuales","potentialAction":[{"@type":"SearchAction","target":{"@type":"EntryPoint","urlTemplate":"https:\/\/www.marcelaseggiaro.com\/ms\/?s={search_term_string}"},"query-input":{"@type":"PropertyValueSpecification","valueRequired":true,"valueName":"search_term_string"}}],"inLanguage":"es"}]}},"_links":{"self":[{"href":"https:\/\/www.marcelaseggiaro.com\/ms\/wp-json\/wp\/v2\/product\/6398","targetHints":{"allow":["GET"]}}],"collection":[{"href":"https:\/\/www.marcelaseggiaro.com\/ms\/wp-json\/wp\/v2\/product"}],"about":[{"href":"https:\/\/www.marcelaseggiaro.com\/ms\/wp-json\/wp\/v2\/types\/product"}],"replies":[{"embeddable":true,"href":"https:\/\/www.marcelaseggiaro.com\/ms\/wp-json\/wp\/v2\/comments?post=6398"}],"wp:featuredmedia":[{"embeddable":true,"href":"https:\/\/www.marcelaseggiaro.com\/ms\/wp-json\/wp\/v2\/media\/6401"}],"wp:attachment":[{"href":"https:\/\/www.marcelaseggiaro.com\/ms\/wp-json\/wp\/v2\/media?parent=6398"}],"wp:term":[{"taxonomy":"product_brand","embeddable":true,"href":"https:\/\/www.marcelaseggiaro.com\/ms\/wp-json\/wp\/v2\/product_brand?post=6398"},{"taxonomy":"product_cat","embeddable":true,"href":"https:\/\/www.marcelaseggiaro.com\/ms\/wp-json\/wp\/v2\/product_cat?post=6398"},{"taxonomy":"product_tag","embeddable":true,"href":"https:\/\/www.marcelaseggiaro.com\/ms\/wp-json\/wp\/v2\/product_tag?post=6398"}],"curies":[{"name":"wp","href":"https:\/\/api.w.org\/{rel}","templated":true}]}}