{"id":6485,"date":"2021-09-08T22:16:32","date_gmt":"2021-09-09T01:16:32","guid":{"rendered":"http:\/\/www.marcelaseggiaro.com\/ms\/?post_type=product&#038;p=6485"},"modified":"2022-06-29T14:01:08","modified_gmt":"2022-06-29T17:01:08","slug":"curso-visual-merchandising","status":"publish","type":"product","link":"https:\/\/www.marcelaseggiaro.com\/ms\/producto\/curso-visual-merchandising\/","title":{"rendered":"PREGRABADO. Curso Online Visual Merchandising \u00a1arancel especial!"},"content":{"rendered":"<p><strong>PASOS PARA QUE TU COMPRA SEA EXITOSA del \u00abCurso Visual Merchandising\u00bb:<\/strong><\/p>\n<p>1) Avanza con bot\u00f3n superior llamado <strong>\u201cAgregar al carrito\u201d <\/strong>y luego presiona<strong> \u00abFinalizar Compra\u00bb.<\/strong><\/p>\n<p>2) <strong>Completa el breve formulario<\/strong> del carro con tus datos, <strong>no olvides tildar la casilla \u00abCrear cuenta\u00bb para recibir usuario y contrase\u00f1a.(Los necesitar\u00e1s para acceder al curso!)<br \/>\n<\/strong><\/p>\n<p>3) Elige el medio de pago, y una vez abonado<strong> recibir\u00e1s el link directo al curso!<\/strong> Aqui tienes dos opciones para elegir: <strong>Paypal o Western Union:<\/strong><\/p>\n<p><strong>Si eliges PAYPAL:<\/strong><\/p>\n<p>Si no tienes cuenta en Paypal s\u00f3lo deber\u00e1s \u00ababrir cuenta\u00bb y cargar tu tarjeta de cr\u00e9dito, es muy simple y seguro. Recuerda confirmar\/validar tu email con ellos, para que te acepten la tarjeta, y que tu tarjeta sea \u00abinternacional\u00bb.<\/p>\n<p><strong>\u00a0<\/strong>Listo!! Recibir\u00e1s un mail con el enlace (link) al curso. Coloca tu usuario y contrase\u00f1a recibido previamente y accede al curso online de Visual Merchandising, para hacerlo en el momento del d\u00eda que quieras!!!<\/p>\n<p>Importante: Si no recibes los mails en tu casilla, revisa tu bandeja de \u00abcorreo no deseado\u00bb!<\/p>\n<p><strong>Si eliges WESTERN UNION:<\/strong><\/p>\n<p>Con esta opci\u00f3n, te llegar\u00e1 un mail con el<strong> n\u00famero de pedido<\/strong> correspondiente al curso, deber\u00e1s acercarte personalmente a una sucursal Western Union cercana a tu domicilio, indicarles que es para enviar dinero <strong>125 USD<\/strong> a la persona (te pedir\u00e1n nombre, direcci\u00f3n y documento), ah\u00ed indicas: <strong>Marcela Seggiaro, DNI 25.833.263, con direcci\u00f3n en Carlos Calvo 632 4\u00b0 M, CABA. Provincia de Buenos Aires, Argentina.<\/strong><\/p>\n<p>Luego enviarnos un mail a INFO@MARCELASEGGIARO.COM aclarando el <strong>n\u00famero de pedido de nuestro sitio, <\/strong>adjuntar fotograf\u00eda del <strong>comprobante de dep\u00f3sito por Western Union<\/strong> y tipear el numero de comprobante por las dudas que no se vea bien la foto,\u00a0 <strong>y te responderemos con el LINK de acceso al curso!<\/strong><\/p>\n<p>&nbsp;<\/p>\n<p>IMPORTANTE: Si no recibes los emails en tu inbox, revisa tu bandeja de \u00abcorreo no deseado\u00bb o \u00abspam\u00bb.<\/p>\n<p><strong>Recuerda que puedes verlo en el momento que quieras del d\u00eda, y que cuentas con 15 d\u00edas para acceder al curso! <span style=\"color: #ff6600;\">Cualquier inconveniente escribe a info@marcelaseggiaro.com<\/span><\/strong><\/p>\n<p><strong>UN COMPLETO CURSO PARA HACER EN EL MOMENTO DEL D\u00cdA QUE QUIERAS\u00a0 Y A UN PRECIO PROMOCIONAL PARA TODO LATINOAM\u00c9RICA:<br \/>\n<\/strong><\/p>\n<p><strong>En este curso aprender\u00e1s todos los aspectos fundamentales del Visual Merchandising para realizar exhibiciones creativas\u00a0 y maximizar las ventas de los espacios comerciales!<\/strong><\/p>\n<h2>Temario<\/h2>\n<p><strong>Unidad I: Presentaci\u00f3n <\/strong><\/p>\n<ol>\n<li>\u00bfQu\u00e9 es el visual merchandising?<\/li>\n<li>\u00bfCu\u00e1l es el alcance del Visual Merchandising?<\/li>\n<li>\u00bfCu\u00e1les son las tendencias de los nuevos Formatos Comerciales?<\/li>\n<li>\u00bfCu\u00e1les son las representaciones visuales de las Principales Marcas?<\/li>\n<\/ol>\n<p><strong>Unidad II: Exhibiciones y Sistemas Compositivos.\u00a0 <\/strong><\/p>\n<ol>\n<li>Tipos de Exhibiciones<\/li>\n<li>Exhibiciones Conceptuales &amp; Tem\u00e1ticas<\/li>\n<li>Temperatura de la Vitrina<\/li>\n<li>Sistemas Compositivos<\/li>\n<\/ol>\n<p><strong>Unidad III: Sentidos y Conceptualizaci\u00f3n. <\/strong><\/p>\n<ol>\n<li>Atm\u00f3sfera Sensorial<\/li>\n<li>El aroma, el sabor, la imagen, la m\u00fasica y las texturas<\/li>\n<li>Efectos visuales: conjuntos<\/li>\n<\/ol>\n<p><strong>Unidad IV: Forma y Color <\/strong><\/p>\n<ol>\n<li>El significado de las formas<\/li>\n<li>Efectos de Contraste<\/li>\n<li>C\u00edrculo Crom\u00e1tico: Combinaciones<\/li>\n<\/ol>\n<p><strong>Unidad V: Surtido, Macro y Microlayout. <\/strong><\/p>\n<ol>\n<li>El Surtido de productos<\/li>\n<li>Macrolayout: Zonas, pasillos y puntos focales<\/li>\n<li>Microlayout: Umbrales Visuales, Facings y Tipo de Implantaciones<\/li>\n<\/ol>\n<p><strong>Cierre: 5 Tips de Visual Merchandising.<\/strong><\/p>\n<p>TRAILER DEL CURSO:<\/p>\n<p><iframe loading=\"lazy\" title=\"Curso de Visual Merchandising Online\" width=\"1080\" height=\"608\" src=\"https:\/\/www.youtube.com\/embed\/f_SzmChHWcg?feature=oembed\" frameborder=\"0\" allow=\"accelerometer; autoplay; clipboard-write; encrypted-media; gyroscope; picture-in-picture\" allowfullscreen><\/iframe><\/p>\n<p><strong><a href=\"https:\/\/www.marcelaseggiaro.com\/curso-online-visual-merchandising\/\" target=\"_blank\" rel=\"noopener\">LEER MAS SOBRE ESTE CURSO AQUI.<\/a><\/strong><\/p>\n<p>&nbsp;<\/p>\n","protected":false},"excerpt":{"rendered":"<p>precios expresados en d\u00f3lares americanos<\/p>\n","protected":false},"featured_media":9062,"comment_status":"closed","ping_status":"closed","template":"","meta":[],"product_brand":[],"product_cat":[622],"product_tag":[850,849,848,482,499],"class_list":{"0":"post-6485","1":"product","2":"type-product","3":"status-publish","4":"has-post-thumbnail","6":"product_cat-sin-categoria","7":"product_tag-curso-online-visual-merchandising","8":"product_tag-curso-pregrabado","9":"product_tag-curso-pregrabado-visual-merchandising","10":"product_tag-curso-visual-merchandising","11":"product_tag-visual-merchandising","13":"first","14":"instock","15":"downloadable","16":"virtual","17":"purchasable","18":"product-type-simple"},"yoast_head":"<!-- This site is optimized with the Yoast SEO plugin v24.4 - https:\/\/yoast.com\/wordpress\/plugins\/seo\/ -->\n<title>PREGRABADO. Curso Online Visual Merchandising \u00a1arancel especial! | Marcela Seggiaro<\/title>\n<meta name=\"description\" content=\"Curso online de Visual Merchandising online para hacerlo en el momento que quieras. Marcela Seggiaro. Especialista en Retail Design y Visual Merchandising\" \/>\n<meta name=\"robots\" content=\"index, follow, max-snippet:-1, max-image-preview:large, max-video-preview:-1\" \/>\n<link rel=\"canonical\" href=\"https:\/\/www.marcelaseggiaro.com\/ms\/producto\/curso-visual-merchandising\/\" \/>\n<meta property=\"og:locale\" content=\"es_ES\" \/>\n<meta property=\"og:type\" content=\"article\" \/>\n<meta property=\"og:title\" content=\"PREGRABADO. Curso Online Visual Merchandising \u00a1arancel especial! | Marcela Seggiaro\" \/>\n<meta property=\"og:description\" content=\"Curso online de Visual Merchandising online para hacerlo en el momento que quieras. Marcela Seggiaro. Especialista en Retail Design y Visual Merchandising\" \/>\n<meta property=\"og:url\" content=\"https:\/\/www.marcelaseggiaro.com\/ms\/producto\/curso-visual-merchandising\/\" \/>\n<meta property=\"og:site_name\" content=\"Marcela Seggiaro\" \/>\n<meta property=\"article:publisher\" content=\"https:\/\/www.facebook.com\/marcelaseggiaro\" \/>\n<meta property=\"article:modified_time\" content=\"2022-06-29T17:01:08+00:00\" \/>\n<meta property=\"og:image\" content=\"https:\/\/www.marcelaseggiaro.com\/ms\/wp-content\/uploads\/2018\/09\/VMP7-1024x1024.png\" \/>\n\t<meta property=\"og:image:width\" content=\"1024\" \/>\n\t<meta property=\"og:image:height\" content=\"1024\" \/>\n\t<meta property=\"og:image:type\" content=\"image\/png\" \/>\n<meta name=\"twitter:card\" content=\"summary_large_image\" \/>\n<meta name=\"twitter:site\" content=\"@MarcelaSeggiaro\" \/>\n<meta name=\"twitter:label1\" content=\"Tiempo de lectura\" \/>\n\t<meta name=\"twitter:data1\" content=\"3 minutos\" \/>\n<script type=\"application\/ld+json\" class=\"yoast-schema-graph\">{\"@context\":\"https:\/\/schema.org\",\"@graph\":[{\"@type\":\"WebPage\",\"@id\":\"https:\/\/www.marcelaseggiaro.com\/ms\/producto\/curso-visual-merchandising\/\",\"url\":\"https:\/\/www.marcelaseggiaro.com\/ms\/producto\/curso-visual-merchandising\/\",\"name\":\"PREGRABADO. Curso Online Visual Merchandising \u00a1arancel especial! | Marcela Seggiaro\",\"isPartOf\":{\"@id\":\"https:\/\/www.marcelaseggiaro.com\/ms\/#website\"},\"primaryImageOfPage\":{\"@id\":\"https:\/\/www.marcelaseggiaro.com\/ms\/producto\/curso-visual-merchandising\/#primaryimage\"},\"image\":{\"@id\":\"https:\/\/www.marcelaseggiaro.com\/ms\/producto\/curso-visual-merchandising\/#primaryimage\"},\"thumbnailUrl\":\"https:\/\/www.marcelaseggiaro.com\/ms\/wp-content\/uploads\/2018\/09\/VMP7.png\",\"datePublished\":\"2021-09-09T01:16:32+00:00\",\"dateModified\":\"2022-06-29T17:01:08+00:00\",\"description\":\"Curso online de Visual Merchandising online para hacerlo en el momento que quieras. Marcela Seggiaro. Especialista en Retail Design y Visual Merchandising\",\"breadcrumb\":{\"@id\":\"https:\/\/www.marcelaseggiaro.com\/ms\/producto\/curso-visual-merchandising\/#breadcrumb\"},\"inLanguage\":\"es\",\"potentialAction\":[{\"@type\":\"ReadAction\",\"target\":[\"https:\/\/www.marcelaseggiaro.com\/ms\/producto\/curso-visual-merchandising\/\"]}]},{\"@type\":\"ImageObject\",\"inLanguage\":\"es\",\"@id\":\"https:\/\/www.marcelaseggiaro.com\/ms\/producto\/curso-visual-merchandising\/#primaryimage\",\"url\":\"https:\/\/www.marcelaseggiaro.com\/ms\/wp-content\/uploads\/2018\/09\/VMP7.png\",\"contentUrl\":\"https:\/\/www.marcelaseggiaro.com\/ms\/wp-content\/uploads\/2018\/09\/VMP7.png\",\"width\":2000,\"height\":2000,\"caption\":\"Curso Online Pregrabado de Visual Merchandising. Marcela Seggiaro\"},{\"@type\":\"BreadcrumbList\",\"@id\":\"https:\/\/www.marcelaseggiaro.com\/ms\/producto\/curso-visual-merchandising\/#breadcrumb\",\"itemListElement\":[{\"@type\":\"ListItem\",\"position\":1,\"name\":\"Portada\",\"item\":\"https:\/\/www.marcelaseggiaro.com\/ms\/\"},{\"@type\":\"ListItem\",\"position\":2,\"name\":\"Productos\",\"item\":\"https:\/\/www.marcelaseggiaro.com\/ms\/shop\/\"},{\"@type\":\"ListItem\",\"position\":3,\"name\":\"PREGRABADO. Curso Online Visual Merchandising \u00a1arancel especial!\"}]},{\"@type\":\"WebSite\",\"@id\":\"https:\/\/www.marcelaseggiaro.com\/ms\/#website\",\"url\":\"https:\/\/www.marcelaseggiaro.com\/ms\/\",\"name\":\"Marcela Seggiaro\",\"description\":\"Estrategias Visuales\",\"potentialAction\":[{\"@type\":\"SearchAction\",\"target\":{\"@type\":\"EntryPoint\",\"urlTemplate\":\"https:\/\/www.marcelaseggiaro.com\/ms\/?s={search_term_string}\"},\"query-input\":{\"@type\":\"PropertyValueSpecification\",\"valueRequired\":true,\"valueName\":\"search_term_string\"}}],\"inLanguage\":\"es\"}]}<\/script>\n<!-- \/ Yoast SEO plugin. -->","yoast_head_json":{"title":"PREGRABADO. Curso Online Visual Merchandising \u00a1arancel especial! | Marcela Seggiaro","description":"Curso online de Visual Merchandising online para hacerlo en el momento que quieras. Marcela Seggiaro. Especialista en Retail Design y Visual Merchandising","robots":{"index":"index","follow":"follow","max-snippet":"max-snippet:-1","max-image-preview":"max-image-preview:large","max-video-preview":"max-video-preview:-1"},"canonical":"https:\/\/www.marcelaseggiaro.com\/ms\/producto\/curso-visual-merchandising\/","og_locale":"es_ES","og_type":"article","og_title":"PREGRABADO. Curso Online Visual Merchandising \u00a1arancel especial! | Marcela Seggiaro","og_description":"Curso online de Visual Merchandising online para hacerlo en el momento que quieras. Marcela Seggiaro. Especialista en Retail Design y Visual Merchandising","og_url":"https:\/\/www.marcelaseggiaro.com\/ms\/producto\/curso-visual-merchandising\/","og_site_name":"Marcela Seggiaro","article_publisher":"https:\/\/www.facebook.com\/marcelaseggiaro","article_modified_time":"2022-06-29T17:01:08+00:00","og_image":[{"width":1024,"height":1024,"url":"https:\/\/www.marcelaseggiaro.com\/ms\/wp-content\/uploads\/2018\/09\/VMP7-1024x1024.png","type":"image\/png"}],"twitter_card":"summary_large_image","twitter_site":"@MarcelaSeggiaro","twitter_misc":{"Tiempo de lectura":"3 minutos"},"schema":{"@context":"https:\/\/schema.org","@graph":[{"@type":"WebPage","@id":"https:\/\/www.marcelaseggiaro.com\/ms\/producto\/curso-visual-merchandising\/","url":"https:\/\/www.marcelaseggiaro.com\/ms\/producto\/curso-visual-merchandising\/","name":"PREGRABADO. Curso Online Visual Merchandising \u00a1arancel especial! | Marcela Seggiaro","isPartOf":{"@id":"https:\/\/www.marcelaseggiaro.com\/ms\/#website"},"primaryImageOfPage":{"@id":"https:\/\/www.marcelaseggiaro.com\/ms\/producto\/curso-visual-merchandising\/#primaryimage"},"image":{"@id":"https:\/\/www.marcelaseggiaro.com\/ms\/producto\/curso-visual-merchandising\/#primaryimage"},"thumbnailUrl":"https:\/\/www.marcelaseggiaro.com\/ms\/wp-content\/uploads\/2018\/09\/VMP7.png","datePublished":"2021-09-09T01:16:32+00:00","dateModified":"2022-06-29T17:01:08+00:00","description":"Curso online de Visual Merchandising online para hacerlo en el momento que quieras. Marcela Seggiaro. Especialista en Retail Design y Visual Merchandising","breadcrumb":{"@id":"https:\/\/www.marcelaseggiaro.com\/ms\/producto\/curso-visual-merchandising\/#breadcrumb"},"inLanguage":"es","potentialAction":[{"@type":"ReadAction","target":["https:\/\/www.marcelaseggiaro.com\/ms\/producto\/curso-visual-merchandising\/"]}]},{"@type":"ImageObject","inLanguage":"es","@id":"https:\/\/www.marcelaseggiaro.com\/ms\/producto\/curso-visual-merchandising\/#primaryimage","url":"https:\/\/www.marcelaseggiaro.com\/ms\/wp-content\/uploads\/2018\/09\/VMP7.png","contentUrl":"https:\/\/www.marcelaseggiaro.com\/ms\/wp-content\/uploads\/2018\/09\/VMP7.png","width":2000,"height":2000,"caption":"Curso Online Pregrabado de Visual Merchandising. Marcela Seggiaro"},{"@type":"BreadcrumbList","@id":"https:\/\/www.marcelaseggiaro.com\/ms\/producto\/curso-visual-merchandising\/#breadcrumb","itemListElement":[{"@type":"ListItem","position":1,"name":"Portada","item":"https:\/\/www.marcelaseggiaro.com\/ms\/"},{"@type":"ListItem","position":2,"name":"Productos","item":"https:\/\/www.marcelaseggiaro.com\/ms\/shop\/"},{"@type":"ListItem","position":3,"name":"PREGRABADO. Curso Online Visual Merchandising \u00a1arancel especial!"}]},{"@type":"WebSite","@id":"https:\/\/www.marcelaseggiaro.com\/ms\/#website","url":"https:\/\/www.marcelaseggiaro.com\/ms\/","name":"Marcela Seggiaro","description":"Estrategias Visuales","potentialAction":[{"@type":"SearchAction","target":{"@type":"EntryPoint","urlTemplate":"https:\/\/www.marcelaseggiaro.com\/ms\/?s={search_term_string}"},"query-input":{"@type":"PropertyValueSpecification","valueRequired":true,"valueName":"search_term_string"}}],"inLanguage":"es"}]}},"_links":{"self":[{"href":"https:\/\/www.marcelaseggiaro.com\/ms\/wp-json\/wp\/v2\/product\/6485","targetHints":{"allow":["GET"]}}],"collection":[{"href":"https:\/\/www.marcelaseggiaro.com\/ms\/wp-json\/wp\/v2\/product"}],"about":[{"href":"https:\/\/www.marcelaseggiaro.com\/ms\/wp-json\/wp\/v2\/types\/product"}],"replies":[{"embeddable":true,"href":"https:\/\/www.marcelaseggiaro.com\/ms\/wp-json\/wp\/v2\/comments?post=6485"}],"wp:featuredmedia":[{"embeddable":true,"href":"https:\/\/www.marcelaseggiaro.com\/ms\/wp-json\/wp\/v2\/media\/9062"}],"wp:attachment":[{"href":"https:\/\/www.marcelaseggiaro.com\/ms\/wp-json\/wp\/v2\/media?parent=6485"}],"wp:term":[{"taxonomy":"product_brand","embeddable":true,"href":"https:\/\/www.marcelaseggiaro.com\/ms\/wp-json\/wp\/v2\/product_brand?post=6485"},{"taxonomy":"product_cat","embeddable":true,"href":"https:\/\/www.marcelaseggiaro.com\/ms\/wp-json\/wp\/v2\/product_cat?post=6485"},{"taxonomy":"product_tag","embeddable":true,"href":"https:\/\/www.marcelaseggiaro.com\/ms\/wp-json\/wp\/v2\/product_tag?post=6485"}],"curies":[{"name":"wp","href":"https:\/\/api.w.org\/{rel}","templated":true}]}}